{"id":4328,"date":"2024-03-18T22:25:04","date_gmt":"2024-03-18T22:25:04","guid":{"rendered":"https:\/\/issyinformatica.es\/unninounasonrisa\/?page_id=4328"},"modified":"2024-12-18T12:15:53","modified_gmt":"2024-12-18T12:15:53","slug":"contacto","status":"publish","type":"page","link":"https:\/\/issyinformatica.es\/unninounasonrisa\/index.php\/contacto\/","title":{"rendered":"Contacto"},"content":{"rendered":"\t\t<div data-elementor-type=\"wp-page\" data-elementor-id=\"4328\" class=\"elementor elementor-4328\">\n\t\t\t\t\t\t<section class=\"elementor-section elementor-top-section elementor-element elementor-element-46b9ad84 elementor-section-stretched elementor-section-full_width elementor-section-height-default elementor-section-height-default cd-bg-color-transparent\" data-id=\"46b9ad84\" data-element_type=\"section\" data-settings=\"{&quot;stretch_section&quot;:&quot;section-stretched&quot;}\">\n\t\t\t\t\t\t<div class=\"elementor-container elementor-column-gap-default\">\n\t\t\t\t\t<div class=\"elementor-column elementor-col-100 elementor-top-column elementor-element elementor-element-5f8053d7 cd-bg-color-transparent\" data-id=\"5f8053d7\" data-element_type=\"column\">\n\t\t\t<div class=\"elementor-widget-wrap elementor-element-populated\">\n\t\t\t\t\t\t<div class=\"elementor-element elementor-element-7af9cdb6 elementor-widget elementor-widget-google_maps\" data-id=\"7af9cdb6\" data-element_type=\"widget\" data-widget_type=\"google_maps.default\">\n\t\t\t\t<div class=\"elementor-widget-container\">\n\t\t\t\t\t<div class=\"elementor-custom-embed\">\n\t\t\t<iframe loading=\"lazy\"\n\t\t\t\t\tsrc=\"https:\/\/maps.google.com\/maps?q=Avenida%20Ricardo%20Soriano%2033%20Local%208%2029601%20Marbella.&#038;t=m&#038;z=15&#038;output=embed&#038;iwloc=near\"\n\t\t\t\t\ttitle=\"Avenida Ricardo Soriano 33 Local 8 29601 Marbella.\"\n\t\t\t\t\taria-label=\"Avenida Ricardo Soriano 33 Local 8 29601 Marbella.\"\n\t\t\t><\/iframe>\n\t\t<\/div>\n\t\t\t\t<\/div>\n\t\t\t\t<\/div>\n\t\t\t\t\t<\/div>\n\t\t<\/div>\n\t\t\t\t\t<\/div>\n\t\t<\/section>\n\t\t\t\t<section class=\"elementor-section elementor-top-section elementor-element elementor-element-35a1e589 elementor-section-stretched overflow-hidden elementor-section-boxed elementor-section-height-default elementor-section-height-default cd-bg-color-transparent\" data-id=\"35a1e589\" data-element_type=\"section\" data-settings=\"{&quot;stretch_section&quot;:&quot;section-stretched&quot;,&quot;background_background&quot;:&quot;classic&quot;}\">\n\t\t\t\t\t\t<div class=\"elementor-container elementor-column-gap-default\">\n\t\t\t\t\t<div class=\"elementor-column elementor-col-50 elementor-top-column elementor-element elementor-element-27728ac0 cd-bg-color-secondary contact-box\" data-id=\"27728ac0\" data-element_type=\"column\">\n\t\t\t<div class=\"elementor-widget-wrap elementor-element-populated\">\n\t\t\t\t\t\t<section class=\"elementor-section elementor-inner-section elementor-element elementor-element-29b907c3 elementor-section-boxed elementor-section-height-default elementor-section-height-default cd-bg-color-transparent\" data-id=\"29b907c3\" data-element_type=\"section\">\n\t\t\t\t\t\t<div class=\"elementor-container elementor-column-gap-default\">\n\t\t\t\t\t<div class=\"elementor-column elementor-col-100 elementor-inner-column elementor-element elementor-element-3e9680 cd-bg-color-transparent\" data-id=\"3e9680\" data-element_type=\"column\">\n\t\t\t<div class=\"elementor-widget-wrap elementor-element-populated\">\n\t\t\t\t\t\t<div class=\"elementor-element elementor-element-5c59f78e elementor-widget elementor-widget-heading\" data-id=\"5c59f78e\" data-element_type=\"widget\" data-widget_type=\"heading.default\">\n\t\t\t\t<div class=\"elementor-widget-container\">\n\t\t\t<h2 class=\"elementor-heading-title elementor-size-default\">Formulario<\/h2>\t\t<\/div>\n\t\t\t\t<\/div>\n\t\t\t\t\t<\/div>\n\t\t<\/div>\n\t\t\t\t\t<\/div>\n\t\t<\/section>\n\t\t\t\t<div class=\"elementor-element elementor-element-28095196 elementor-widget elementor-widget-shortcode\" data-id=\"28095196\" data-element_type=\"widget\" data-widget_type=\"shortcode.default\">\n\t\t\t\t<div class=\"elementor-widget-container\">\n\t\t\t\t\t<div class=\"elementor-shortcode\">\n<div class=\"wpcf7 no-js\" id=\"wpcf7-f1541-o1\" lang=\"en-US\" dir=\"ltr\" data-wpcf7-id=\"1541\">\n<div class=\"screen-reader-response\"><p role=\"status\" aria-live=\"polite\" aria-atomic=\"true\"><\/p> <ul><\/ul><\/div>\n<form action=\"\/unninounasonrisa\/index.php\/wp-json\/wp\/v2\/pages\/4328#wpcf7-f1541-o1\" method=\"post\" class=\"wpcf7-form init\" aria-label=\"Contact form\" novalidate=\"novalidate\" data-status=\"init\">\n<fieldset class=\"hidden-fields-container\"><input type=\"hidden\" name=\"_wpcf7\" value=\"1541\" \/><input type=\"hidden\" name=\"_wpcf7_version\" value=\"6.1.5\" \/><input type=\"hidden\" name=\"_wpcf7_locale\" value=\"en_US\" \/><input type=\"hidden\" name=\"_wpcf7_unit_tag\" value=\"wpcf7-f1541-o1\" \/><input type=\"hidden\" name=\"_wpcf7_container_post\" value=\"0\" \/><input type=\"hidden\" name=\"_wpcf7_posted_data_hash\" value=\"\" \/>\n<\/fieldset>\n<div class=\"parezy-form contact-form\">\n    <div class=\"row\">\n        <div class=\"col-md-12\">\n          <div class=\"input-group\"><span class=\"wpcf7-form-control-wrap\" data-name=\"your-name\"><input size=\"40\" maxlength=\"400\" class=\"wpcf7-form-control wpcf7-text\" aria-invalid=\"false\" placeholder=\"Nombre\" value=\"\" type=\"text\" name=\"your-name\" \/><\/span><\/div>\n        <\/div>\n        <div class=\"col-md-12\">\n          <div class=\"input-group\"><span class=\"wpcf7-form-control-wrap\" data-name=\"your-email\"><input size=\"40\" maxlength=\"400\" class=\"wpcf7-form-control wpcf7-text\" aria-invalid=\"false\" placeholder=\"Email\" value=\"\" type=\"text\" name=\"your-email\" \/><\/span><\/div>\n        <\/div>\n        <div class=\"col-md-12\">\n          <div class=\"input-group\"><span class=\"wpcf7-form-control-wrap\" data-name=\"subject\"><input size=\"40\" maxlength=\"400\" class=\"wpcf7-form-control wpcf7-text\" aria-invalid=\"false\" placeholder=\"Asunto\" value=\"\" type=\"text\" name=\"subject\" \/><\/span><\/div>\n        <\/div>\n        <div class=\"col-sm-12\">\n            <div class=\"input-group\"><span class=\"wpcf7-form-control-wrap\" data-name=\"textarea-693\"><textarea cols=\"40\" rows=\"10\" maxlength=\"2000\" class=\"wpcf7-form-control wpcf7-textarea\" aria-invalid=\"false\" placeholder=\"Mensaje\" name=\"textarea-693\"><\/textarea><\/span><\/div>\n\t<\/div>\n    <\/div>\n    <div class=\"row p-hide\">\n       <div class=\"col-sm-12\">\n\t  <div class=\"input-group\"><input class=\"wpcf7-form-control wpcf7-submit has-spinner\" type=\"submit\" value=\"Enviar\" \/><\/div>\n       <\/div>\n   <\/div>\n<\/div><p style=\"display: none !important;\" class=\"akismet-fields-container\" data-prefix=\"_wpcf7_ak_\"><label>&#916;<textarea name=\"_wpcf7_ak_hp_textarea\" cols=\"45\" rows=\"8\" maxlength=\"100\"><\/textarea><\/label><input type=\"hidden\" id=\"ak_js_1\" name=\"_wpcf7_ak_js\" value=\"207\"\/><script>document.getElementById( \"ak_js_1\" ).setAttribute( \"value\", ( new Date() ).getTime() );<\/script><\/p><div class=\"wpcf7-response-output\" aria-hidden=\"true\"><\/div>\n<\/form>\n<\/div>\n<\/div>\n\t\t\t\t<\/div>\n\t\t\t\t<\/div>\n\t\t\t\t\t<\/div>\n\t\t<\/div>\n\t\t\t\t<div class=\"elementor-column elementor-col-50 elementor-top-column elementor-element elementor-element-564f608d cd-right-expand cd-bg-color-white column-radius\" data-id=\"564f608d\" data-element_type=\"column\">\n\t\t\t<div class=\"elementor-widget-wrap elementor-element-populated\">\n\t\t\t\t\t\t<div class=\"elementor-element elementor-element-3238987e elementor-widget elementor-widget-parezy-custom-heading\" data-id=\"3238987e\" data-element_type=\"widget\" data-widget_type=\"parezy-custom-heading.default\">\n\t\t\t\t<div class=\"elementor-widget-container\">\n\t\t\t\t\t<div class=\"tcr_custom_heading_wrapper tcr-custom-heading1798307454 custom-heading-style-1\">\r\n\t\t\t<div class=\"tcr-custom-heading-wrapper\">\r\n\t\t\t<div class=\"tcr-heading-subtitle-wrapper subtitle-text-\">\r\n\t\t\t<h3 class=\"heading-subtitle\">\r\n\t\t\t\tContact us\t\t\t<\/h3>\r\n\t\t<\/div>\r\n\t\t\t\t<div class=\"tcr-heading-title-wrapper title-text-\">\r\n\t\t\t<h3 class=\"heading-title\">\r\n\t\t\t\tPonerse en contacto\t\t\t<\/h3>\r\n\t\t<\/div>\r\n\t\t<\/div>\r\n\t\t<\/div>\r\n\t\t\t\t<\/div>\n\t\t\t\t<\/div>\n\t\t\t\t<div class=\"elementor-element elementor-element-767ba474 elementor-widget elementor-widget-text-editor\" data-id=\"767ba474\" data-element_type=\"widget\" data-widget_type=\"text-editor.default\">\n\t\t\t\t<div class=\"elementor-widget-container\">\n\t\t\t\t\t\t\t<p>Si desea que le hagamos un visita, p\u00f3ngase puede contactar a trav\u00e9s de e-mail o llam\u00e1ndonos, recuerde: <strong>somos una asociaci\u00f3n sin \u00e1nimo de lucro. \u00a0<\/strong><\/p>\t\t\t\t\t\t<\/div>\n\t\t\t\t<\/div>\n\t\t\t\t<div class=\"elementor-element elementor-element-240e731e contact-social elementor-widget elementor-widget-shortcode\" data-id=\"240e731e\" data-element_type=\"widget\" data-widget_type=\"shortcode.default\">\n\t\t\t\t<div class=\"elementor-widget-container\">\n\t\t\t\t\t<div class=\"elementor-shortcode\">\t\t<div class=\"social-info-wrapper\">\r\n\t\t\t<ul class=\"social-info\">\r\n\t\t\t\t\t\t\t\t<li class=\"social-facebook\">\r\n\t\t\t\t\t\t<a class=\"social-icon\" target=\"_blank\" href=\"https:\/\/www.facebook.com\/SpidermanBatmanIronman\/\" rel=\"nofollow\"><i class=\"fab fa-facebook\"><\/i><\/a>\r\n\t\t\t\t\t<\/li>\r\n\t\t\t\t\t\t\t\t\t\t<li class=\"social-facebook\">\r\n\t\t\t\t\t\t<a class=\"social-icon\" target=\"_blank\" href=\"https:\/\/twitter.com\/spibairon\" rel=\"nofollow\"><i class=\"fab fa-twitter\"><\/i><\/a>\r\n\t\t\t\t\t<\/li>\r\n\t\t\t\t\t\t\t\t\t\t<li class=\"social-facebook\">\r\n\t\t\t\t\t\t<a class=\"social-icon\" target=\"_blank\" href=\"https:\/\/www.youtube.com\/channel\/UC-r_AhSED5C4yvI4MMn8ZIQ\" rel=\"nofollow\"><i class=\"fab fa-youtube\"><\/i><\/a>\r\n\t\t\t\t\t<\/li>\r\n\t\t\t\t\t\t\t\t\t\t<li class=\"social-facebook\">\r\n\t\t\t\t\t\t<a class=\"social-icon\" target=\"_blank\" href=\"https:\/\/www.instagram.com\/spibairon\" rel=\"nofollow\"><i class=\"fab fa-instagram\"><\/i><\/a>\r\n\t\t\t\t\t<\/li>\r\n\t\t\t\t\t\t\t\t<\/ul>\r\n\t\t<\/div>\r\n\t\t<\/div>\n\t\t\t\t<\/div>\n\t\t\t\t<\/div>\n\t\t\t\t<section class=\"elementor-section elementor-inner-section elementor-element elementor-element-5d445b72 elementor-section-boxed elementor-section-height-default elementor-section-height-default cd-bg-color-transparent\" data-id=\"5d445b72\" data-element_type=\"section\">\n\t\t\t\t\t\t<div class=\"elementor-container elementor-column-gap-default\">\n\t\t\t\t\t<div class=\"elementor-column elementor-col-25 elementor-inner-column elementor-element elementor-element-7e62a6d1 cd-bg-color-transparent\" data-id=\"7e62a6d1\" data-element_type=\"column\">\n\t\t\t<div class=\"elementor-widget-wrap elementor-element-populated\">\n\t\t\t\t\t\t<div class=\"elementor-element elementor-element-699c48b4 elementor-widget elementor-widget-parezy-infobox\" data-id=\"699c48b4\" data-element_type=\"widget\" data-widget_type=\"parezy-infobox.default\">\n\t\t\t\t<div class=\"elementor-widget-container\">\n\t\t\t\t\t<div class=\"tcr-elementor-widgettcr_infobox_wrapper infobox-style-8 tcr-infobox2027221119 icon-type-image\">\r\n\t\t\t<div class=\"tcr-infobox-wrapper\">\r\n\t\t\t\t<div class=\"tcr-infobox-icon\">\r\n\t\t\t\t\t\t\t\t<img decoding=\"async\" src=\"https:\/\/issyinformatica.es\/unninounasonrisa\/wp-content\/uploads\/2023\/05\/contact-icon1.png\" alt=\"Icon\">\r\n\t\t\t\t\t\t\t\t<\/div>\r\n\t\t\t\t<div class=\"tcr-infobox-content\">\r\n\t\t\t\t\t<h3 class=\"tcr-infobox-title\">M\u00f3vil<\/h3>\r\n\t\t\t\t\t\t<div class=\"tcr-infobox-text\">663 41 31 80<\/div>\r\n\t\t\t\t<\/div>\r\n<\/div>\r\n\t\t<\/div>\r\n\t\t\t\t<\/div>\n\t\t\t\t<\/div>\n\t\t\t\t\t<\/div>\n\t\t<\/div>\n\t\t\t\t<div class=\"elementor-column elementor-col-50 elementor-inner-column elementor-element elementor-element-32bee286 cd-bg-color-transparent\" data-id=\"32bee286\" data-element_type=\"column\">\n\t\t\t<div class=\"elementor-widget-wrap elementor-element-populated\">\n\t\t\t\t\t\t<div class=\"elementor-element elementor-element-7e8ac0bb elementor-widget__width-initial elementor-widget elementor-widget-parezy-infobox\" data-id=\"7e8ac0bb\" data-element_type=\"widget\" data-widget_type=\"parezy-infobox.default\">\n\t\t\t\t<div class=\"elementor-widget-container\">\n\t\t\t\t\t<div class=\"tcr-elementor-widgettcr_infobox_wrapper infobox-style-8 tcr-infobox239757634 icon-type-image\">\r\n\t\t\t<div class=\"tcr-infobox-wrapper\">\r\n\t\t\t\t<div class=\"tcr-infobox-icon\">\r\n\t\t\t\t\t\t\t\t<img decoding=\"async\" src=\"https:\/\/issyinformatica.es\/unninounasonrisa\/wp-content\/uploads\/2023\/05\/contact-icon2.png\" alt=\"Icon\">\r\n\t\t\t\t\t\t\t\t<\/div>\r\n\t\t\t\t<div class=\"tcr-infobox-content\">\r\n\t\t\t\t\t<h3 class=\"tcr-infobox-title\">Email<\/h3>\r\n\t\t\t\t\t\t<div class=\"tcr-infobox-text\">superheroesninosonrisa@gmail.com<\/div>\r\n\t\t\t\t<\/div>\r\n<\/div>\r\n\t\t<\/div>\r\n\t\t\t\t<\/div>\n\t\t\t\t<\/div>\n\t\t\t\t\t<\/div>\n\t\t<\/div>\n\t\t\t\t<div class=\"elementor-column elementor-col-25 elementor-inner-column elementor-element elementor-element-3163fd3d cd-bg-color-transparent\" data-id=\"3163fd3d\" data-element_type=\"column\">\n\t\t\t<div class=\"elementor-widget-wrap elementor-element-populated\">\n\t\t\t\t\t\t<div class=\"elementor-element elementor-element-251e97ee elementor-widget__width-initial elementor-widget elementor-widget-parezy-infobox\" data-id=\"251e97ee\" data-element_type=\"widget\" data-widget_type=\"parezy-infobox.default\">\n\t\t\t\t<div class=\"elementor-widget-container\">\n\t\t\t\t\t<div class=\"tcr-elementor-widgettcr_infobox_wrapper infobox-style-8 tcr-infobox932915813 icon-type-image\">\r\n\t\t\t<div class=\"tcr-infobox-wrapper\">\r\n\t\t\t\t<div class=\"tcr-infobox-icon\">\r\n\t\t\t\t\t\t\t\t<img decoding=\"async\" src=\"https:\/\/issyinformatica.es\/unninounasonrisa\/wp-content\/uploads\/2023\/05\/contact-icon3.png\" alt=\"Icon\">\r\n\t\t\t\t\t\t\t\t<\/div>\r\n\t\t\t\t<div class=\"tcr-infobox-content\">\r\n\t\t\t\t\t<h3 class=\"tcr-infobox-title\">Direcci\u00f3n<\/h3>\r\n\t\t\t\t\t\t<div class=\"tcr-infobox-text\">Avenida Ricardo Soriano 33 Local 8 29601 Marbella.<\/div>\r\n\t\t\t\t<\/div>\r\n<\/div>\r\n\t\t<\/div>\r\n\t\t\t\t<\/div>\n\t\t\t\t<\/div>\n\t\t\t\t\t<\/div>\n\t\t<\/div>\n\t\t\t\t\t<\/div>\n\t\t<\/section>\n\t\t\t\t\t<\/div>\n\t\t<\/div>\n\t\t\t\t\t<\/div>\n\t\t<\/section>\n\t\t\t\t<\/div>\n\t\t","protected":false},"excerpt":{"rendered":"<p>Formulario Contact us Ponerse en contacto Si desea que le hagamos un visita, p\u00f3ngase puede contactar a trav\u00e9s de e-mail o llam\u00e1ndonos, recuerde: somos una asociaci\u00f3n sin \u00e1nimo de lucro. \u00a0 M\u00f3vil 663 41 31 80 Email superheroesninosonrisa@gmail.com Direcci\u00f3n Avenida Ricardo Soriano 33 Local 8 29601 Marbella.<\/p>\n","protected":false},"author":1,"featured_media":0,"parent":0,"menu_order":0,"comment_status":"closed","ping_status":"closed","template":"elementor_header_footer","meta":{"footnotes":""},"class_list":["post-4328","page","type-page","status-publish","hentry","without-image"],"_links":{"self":[{"href":"https:\/\/issyinformatica.es\/unninounasonrisa\/index.php\/wp-json\/wp\/v2\/pages\/4328","targetHints":{"allow":["GET"]}}],"collection":[{"href":"https:\/\/issyinformatica.es\/unninounasonrisa\/index.php\/wp-json\/wp\/v2\/pages"}],"about":[{"href":"https:\/\/issyinformatica.es\/unninounasonrisa\/index.php\/wp-json\/wp\/v2\/types\/page"}],"author":[{"embeddable":true,"href":"https:\/\/issyinformatica.es\/unninounasonrisa\/index.php\/wp-json\/wp\/v2\/users\/1"}],"replies":[{"embeddable":true,"href":"https:\/\/issyinformatica.es\/unninounasonrisa\/index.php\/wp-json\/wp\/v2\/comments?post=4328"}],"version-history":[{"count":28,"href":"https:\/\/issyinformatica.es\/unninounasonrisa\/index.php\/wp-json\/wp\/v2\/pages\/4328\/revisions"}],"predecessor-version":[{"id":5420,"href":"https:\/\/issyinformatica.es\/unninounasonrisa\/index.php\/wp-json\/wp\/v2\/pages\/4328\/revisions\/5420"}],"wp:attachment":[{"href":"https:\/\/issyinformatica.es\/unninounasonrisa\/index.php\/wp-json\/wp\/v2\/media?parent=4328"}],"curies":[{"name":"wp","href":"https:\/\/api.w.org\/{rel}","templated":true}]}}